{"id":410,"date":"2021-06-23T23:06:14","date_gmt":"2021-06-23T23:06:14","guid":{"rendered":"https:\/\/larson-demo.bslthemes.com\/?page_id=410"},"modified":"2025-10-28T08:04:44","modified_gmt":"2025-10-28T08:04:44","slug":"projets","status":"publish","type":"page","link":"https:\/\/2ml-archi.com\/fr\/projets\/","title":{"rendered":"Projets"},"content":{"rendered":"<div data-elementor-type=\"wp-page\" data-elementor-id=\"410\" class=\"elementor elementor-410\" data-elementor-post-type=\"page\">\n\t\t\t\t\t\t<section class=\"elementor-section elementor-top-section elementor-element elementor-element-a41e2b2 elementor-section-full_width elementor-section-height-default elementor-section-height-default\" data-id=\"a41e2b2\" data-element_type=\"section\">\n\t\t\t\t\t\t<div class=\"elementor-container elementor-column-gap-no\">\n\t\t\t\t\t<div class=\"elementor-column elementor-col-100 elementor-top-column elementor-element elementor-element-97c067e\" data-id=\"97c067e\" data-element_type=\"column\">\n\t\t\t<div class=\"elementor-widget-wrap elementor-element-populated\">\n\t\t\t\t\t\t<div class=\"elementor-element elementor-element-4f6d00e elementor-widget elementor-widget-larson-intro\" data-id=\"4f6d00e\" data-element_type=\"widget\" data-widget_type=\"larson-intro.default\">\n\t\t\t\t<div class=\"elementor-widget-container\">\n\t\t\t\t\t\n\t\t<article class=\"article\">\n\t        <header class=\"article__header\">\n\t          <div class=\"container\">\n\t            \t            <h1 class=\"article__heading heading heading--size-large translation-block\"><span> Portfolio Exceptionnel de Projets<br><span class=\"color-yellow\"> d'Architecture  <\/span> et de Design Int\u00e9rieur<\/span><\/h1>\n\t            \t            \t          <\/div>\n\t        <\/header>\n\t        \t    <\/article>\n\n\t\t\t\t\t\t<\/div>\n\t\t\t\t<\/div>\n\t\t\t\t\t<\/div>\n\t\t<\/div>\n\t\t\t\t\t<\/div>\n\t\t<\/section>\n\t\t\t\t<section class=\"elementor-section elementor-top-section elementor-element elementor-element-a301033 elementor-section-full_width elementor-section-height-default elementor-section-height-default\" data-id=\"a301033\" data-element_type=\"section\">\n\t\t\t\t\t\t<div class=\"elementor-container elementor-column-gap-no\">\n\t\t\t\t\t<div class=\"elementor-column elementor-col-100 elementor-top-column elementor-element elementor-element-82b94f1\" data-id=\"82b94f1\" data-element_type=\"column\">\n\t\t\t<div class=\"elementor-widget-wrap elementor-element-populated\">\n\t\t\t\t\t\t<div class=\"elementor-element elementor-element-65ce472 elementor-widget elementor-widget-larson-portfolio\" data-id=\"65ce472\" data-element_type=\"widget\" data-widget_type=\"larson-portfolio.default\">\n\t\t\t\t<div class=\"elementor-widget-container\">\n\t\t\t\t\t\n\t\t\n\t\t<div class=\"article__main container\">\n\n                    <ul class=\"projects-masonry row __js_projects-grid\">\n          \t<li class=\"grid-sizer\"><\/li>\n          \t\n\n<li class=\"projects-masonry__item col-12 col-md-6 col-xl-4 __js_masonry-item __js_exterior\">\n  <a class=\"card card--small card--masonry\" href=\"https:\/\/2ml-archi.com\/fr\/portfolio\/item\/parking-facility-planning-design\/\">\n        <div class=\"card__image\">\n      <img decoding=\"async\" data-src=\"https:\/\/2ml-archi.com\/wp-content\/uploads\/2025\/10\/2023-05-06-20-26-20-900x900.png\" alt=\"Parking Facility Planning &amp; Design \u2013 Netherlands\" src=\"data:image\/svg+xml;base64,PHN2ZyB3aWR0aD0iMSIgaGVpZ2h0PSIxIiB4bWxucz0iaHR0cDovL3d3dy53My5vcmcvMjAwMC9zdmciPjwvc3ZnPg==\" class=\"lazyload\" style=\"--smush-placeholder-width: 900px; --smush-placeholder-aspect-ratio: 900\/900;\" \/>\n    <\/div>\n        <div class=\"card__content\">\n            <h3 class=\"card__heading\">\n      \tPlanification et Design d\u2019Aire de Stationnement - Pays-Bas      <\/h3>\n                  <div class=\"card__text\">\n      \tCe projet d\u2019aire de stationnement aux Pays-Bas par 2ML-Archi allie design moderne, am\u00e9nagement efficace et s\u00e9curit\u00e9 pour offrir un espace pratique et accessible aux v\u00e9hicules.      <\/div>\n            <div class=\"card__bottom\">\n        <span class=\"card__link\">\n          Voir projet          <svg width=\"20\" height=\"20\">\n            <use xlink:href=\"#chevron-right\"><\/use>\n          <\/svg>\n        <\/span>\n      <\/div>\n    <\/div>\n  <\/a>\n<\/li>\n\n<li class=\"projects-masonry__item col-12 col-md-6 col-xl-4 __js_masonry-item __js_exterior\">\n  <a class=\"card card--small card--masonry\" href=\"https:\/\/2ml-archi.com\/fr\/portfolio\/item\/bar-restaurant-le-marin-exterior-design-project\/\">\n        <div class=\"card__image\">\n      <img decoding=\"async\" data-src=\"https:\/\/2ml-archi.com\/wp-content\/uploads\/2025\/10\/2023-04-12-16-10-52.png\" alt=\"Bar Restaurant &#8220;Le MARIN&#8221; \u2013 Exterior Design Project\" src=\"data:image\/svg+xml;base64,PHN2ZyB3aWR0aD0iMSIgaGVpZ2h0PSIxIiB4bWxucz0iaHR0cDovL3d3dy53My5vcmcvMjAwMC9zdmciPjwvc3ZnPg==\" class=\"lazyload\" style=\"--smush-placeholder-width: 1920px; --smush-placeholder-aspect-ratio: 1920\/1080;\" \/>\n    <\/div>\n        <div class=\"card__content\">\n            <h3 class=\"card__heading\">\n      \tBar Restaurant &#8220;Le MARIN&#8221; \u2013 Exterior Design Project      <\/h3>\n                  <div class=\"card__text\">\n      \t2ML-Archi a con\u00e7u l\u2019ext\u00e9rieur du Bar Restaurant \u00ab Le MARIN \u00bb pour cr\u00e9er un espace \u00e9l\u00e9gant et accueillant, alliant lignes architecturales modernes et espaces ext\u00e9rieurs fonctionnels.      <\/div>\n            <div class=\"card__bottom\">\n        <span class=\"card__link\">\n          Voir projet          <svg width=\"20\" height=\"20\">\n            <use xlink:href=\"#chevron-right\"><\/use>\n          <\/svg>\n        <\/span>\n      <\/div>\n    <\/div>\n  <\/a>\n<\/li>\n\n<li class=\"projects-masonry__item col-12 col-md-6 col-xl-4 __js_masonry-item __js_interior\">\n  <a class=\"card card--small card--masonry\" href=\"https:\/\/2ml-archi.com\/fr\/portfolio\/item\/elegant-lounge-design-a-harmony-of-nature-and-modernity\/\">\n        <div class=\"card__image\">\n      <img decoding=\"async\" data-src=\"https:\/\/2ml-archi.com\/wp-content\/uploads\/2025\/10\/2025-02-12-14-43-21-enhanced-900x900.png\" alt=\"Elegant Lounge Design \u2013 A Harmony of Nature and Modernity\" src=\"data:image\/svg+xml;base64,PHN2ZyB3aWR0aD0iMSIgaGVpZ2h0PSIxIiB4bWxucz0iaHR0cDovL3d3dy53My5vcmcvMjAwMC9zdmciPjwvc3ZnPg==\" class=\"lazyload\" style=\"--smush-placeholder-width: 900px; --smush-placeholder-aspect-ratio: 900\/900;\" \/>\n    <\/div>\n        <div class=\"card__content\">\n            <h3 class=\"card__heading\">\n      \tElegant Lounge Design \u2013 A Harmony of Nature and Modernity      <\/h3>\n                  <div class=\"card__text\">\n      \tCe salon militaire sign\u00e9 2ML-Archi associe textures naturelles, \u00e9clairage doux et lignes modernes pour un espace \u00e9l\u00e9gant, apaisant et fonctionnel, id\u00e9al pour la d\u00e9tente et les r\u00e9unions.      <\/div>\n            <div class=\"card__bottom\">\n        <span class=\"card__link\">\n          Voir projet          <svg width=\"20\" height=\"20\">\n            <use xlink:href=\"#chevron-right\"><\/use>\n          <\/svg>\n        <\/span>\n      <\/div>\n    <\/div>\n  <\/a>\n<\/li>\n\n<li class=\"projects-masonry__item col-12 col-md-6 col-xl-4 __js_masonry-item __js_interior\">\n  <a class=\"card card--small card--masonry\" href=\"https:\/\/2ml-archi.com\/fr\/portfolio\/item\/bar-restaurant-le-marin-interior-design-project\/\">\n        <div class=\"card__image\">\n      <img decoding=\"async\" data-src=\"https:\/\/2ml-archi.com\/wp-content\/uploads\/2025\/10\/2023-04-07-16-59-12-900x900.png\" alt=\"Bar Restaurant &#8220;Le MARIN&#8221; \u2013 Interior Design Project\" src=\"data:image\/svg+xml;base64,PHN2ZyB3aWR0aD0iMSIgaGVpZ2h0PSIxIiB4bWxucz0iaHR0cDovL3d3dy53My5vcmcvMjAwMC9zdmciPjwvc3ZnPg==\" class=\"lazyload\" style=\"--smush-placeholder-width: 900px; --smush-placeholder-aspect-ratio: 900\/900;\" \/>\n    <\/div>\n        <div class=\"card__content\">\n            <h3 class=\"card__heading\">\n      \tBar Restaurant &#8220;Le MARIN&#8221; \u2013 Interior Design Project      <\/h3>\n                  <div class=\"card__text\">\n      \t2ML-Archi a transform\u00e9 le Bar Restaurant \u00ab Le MARIN \u00bb en un lieu chic et accueillant gr\u00e2ce \u00e0 un mobilier contemporain, un \u00e9clairage chaleureux et une disposition r\u00e9fl\u00e9chie pour sublimer l\u2019exp\u00e9rience culinaire.      <\/div>\n            <div class=\"card__bottom\">\n        <span class=\"card__link\">\n          Voir projet          <svg width=\"20\" height=\"20\">\n            <use xlink:href=\"#chevron-right\"><\/use>\n          <\/svg>\n        <\/span>\n      <\/div>\n    <\/div>\n  <\/a>\n<\/li>\n\n<li class=\"projects-masonry__item col-12 col-md-6 col-xl-4 __js_masonry-item __js_exterior\">\n  <a class=\"card card--small card--masonry\" href=\"https:\/\/2ml-archi.com\/fr\/portfolio\/item\/contemporary-villa-with-pool-and-garden\/\">\n        <div class=\"card__image\">\n      <img decoding=\"async\" data-src=\"https:\/\/2ml-archi.com\/wp-content\/uploads\/2025\/10\/2025-02-18-11-20-43-enhanced-copie-900x900.jpg\" alt=\"Contemporary Villa with Pool and Garden\" src=\"data:image\/svg+xml;base64,PHN2ZyB3aWR0aD0iMSIgaGVpZ2h0PSIxIiB4bWxucz0iaHR0cDovL3d3dy53My5vcmcvMjAwMC9zdmciPjwvc3ZnPg==\" class=\"lazyload\" style=\"--smush-placeholder-width: 900px; --smush-placeholder-aspect-ratio: 900\/900;\" \/>\n    <\/div>\n        <div class=\"card__content\">\n            <h3 class=\"card__heading\">\n      \tContemporary Villa with Pool and Garden      <\/h3>\n                  <div class=\"card__text\">\n      \tCe design de villa contemporaine sign\u00e9 2ML-Archi associe piscine styl\u00e9e et jardin avec une architecture minimaliste, cr\u00e9ant une continuit\u00e9 harmonieuse entre confort int\u00e9rieur et d\u00e9tente ext\u00e9rieure.      <\/div>\n            <div class=\"card__bottom\">\n        <span class=\"card__link\">\n          Voir projet          <svg width=\"20\" height=\"20\">\n            <use xlink:href=\"#chevron-right\"><\/use>\n          <\/svg>\n        <\/span>\n      <\/div>\n    <\/div>\n  <\/a>\n<\/li>\n\n<li class=\"projects-masonry__item col-12 col-md-6 col-xl-4 __js_masonry-item __js_exterior\">\n  <a class=\"card card--small card--masonry\" href=\"https:\/\/2ml-archi.com\/fr\/portfolio\/item\/contemporary-villa-exterior\/\">\n        <div class=\"card__image\">\n      <img decoding=\"async\" data-src=\"https:\/\/2ml-archi.com\/wp-content\/uploads\/2025\/10\/5-scaled.png\" alt=\"Contemporary Villa Exterior\" src=\"data:image\/svg+xml;base64,PHN2ZyB3aWR0aD0iMSIgaGVpZ2h0PSIxIiB4bWxucz0iaHR0cDovL3d3dy53My5vcmcvMjAwMC9zdmciPjwvc3ZnPg==\" class=\"lazyload\" style=\"--smush-placeholder-width: 2560px; --smush-placeholder-aspect-ratio: 2560\/1440;\" \/>\n    <\/div>\n        <div class=\"card__content\">\n            <h3 class=\"card__heading\">\n      \tContemporary Villa Exterior      <\/h3>\n                  <div class=\"card__text\">\n      \tUne villa moderne et \u00e9pur\u00e9e, aux lignes pures, textures chaleureuses et proportions \u00e9quilibr\u00e9es. Ce projet refl\u00e8te une approche minimaliste o\u00f9 lumi\u00e8re, structure et nature s\u2019harmonisent parfaitement.      <\/div>\n            <div class=\"card__bottom\">\n        <span class=\"card__link\">\n          Voir projet          <svg width=\"20\" height=\"20\">\n            <use xlink:href=\"#chevron-right\"><\/use>\n          <\/svg>\n        <\/span>\n      <\/div>\n    <\/div>\n  <\/a>\n<\/li>          <\/ul>\n\n          \t   \t\t<div class=\"pager\">\n\t    \t\t<span aria-current=\"page\" class=\"page-numbers current\">1<\/span>\n<a class=\"page-numbers\" href=\"https:\/\/2ml-archi.com\/wp-json\/wp\/v2\/pages\/410\/page\/2\/\">2<\/a>\n<a class=\"page-numbers\" href=\"https:\/\/2ml-archi.com\/wp-json\/wp\/v2\/pages\/410\/page\/3\/\">3<\/a>\n<a class=\"next page-numbers\" href=\"https:\/\/2ml-archi.com\/wp-json\/wp\/v2\/pages\/410\/page\/2\/\">Next<\/a>\t\t\t<\/div>\n\t\t\t\n        <\/div>\n\n\t\t\t\t\t\t<\/div>\n\t\t\t\t<\/div>\n\t\t\t\t\t<\/div>\n\t\t<\/div>\n\t\t\t\t\t<\/div>\n\t\t<\/section>\n\t\t\t\t<\/div>","protected":false},"excerpt":{"rendered":"<p>Exceptional Architectural &amp; Interior Design Projects Portfolio Soft &amp; Modern Bedroom Interior A serene and feminine bedroom where blush tones, natural textures, and gentle light create a peaceful, timeless retreat. See project Facade Renovation \u2013 Venezia Construction A refined renovation project revitalizing building facades, blending innovative materials and elegant design&#8230; <\/p>\n<div class=\"readmore\"><a href=\"https:\/\/2ml-archi.com\/fr\/portfolio\/item\/contemporary-villa-exterior\/\" class=\"btn-link\">Read more<\/a><\/div>","protected":false},"author":1,"featured_media":0,"parent":0,"menu_order":0,"comment_status":"closed","ping_status":"closed","template":"template-elementor-default.php","meta":{"_acf_changed":false,"_monsterinsights_skip_tracking":false,"_monsterinsights_sitenote_active":false,"_monsterinsights_sitenote_note":"","_monsterinsights_sitenote_category":0,"footnotes":""},"class_list":["post-410","page","type-page","status-publish","hentry"],"acf":[],"aioseo_notices":[],"_links":{"self":[{"href":"https:\/\/2ml-archi.com\/fr\/wp-json\/wp\/v2\/pages\/410","targetHints":{"allow":["GET"]}}],"collection":[{"href":"https:\/\/2ml-archi.com\/fr\/wp-json\/wp\/v2\/pages"}],"about":[{"href":"https:\/\/2ml-archi.com\/fr\/wp-json\/wp\/v2\/types\/page"}],"author":[{"embeddable":true,"href":"https:\/\/2ml-archi.com\/fr\/wp-json\/wp\/v2\/users\/1"}],"replies":[{"embeddable":true,"href":"https:\/\/2ml-archi.com\/fr\/wp-json\/wp\/v2\/comments?post=410"}],"version-history":[{"count":3,"href":"https:\/\/2ml-archi.com\/fr\/wp-json\/wp\/v2\/pages\/410\/revisions"}],"predecessor-version":[{"id":2320,"href":"https:\/\/2ml-archi.com\/fr\/wp-json\/wp\/v2\/pages\/410\/revisions\/2320"}],"wp:attachment":[{"href":"https:\/\/2ml-archi.com\/fr\/wp-json\/wp\/v2\/media?parent=410"}],"curies":[{"name":"wp","href":"https:\/\/api.w.org\/{rel}","templated":true}]}}